{"id":30,"date":"2024-04-28T02:35:38","date_gmt":"2024-04-28T02:35:38","guid":{"rendered":"https:\/\/paszportkolekcjonerski.com\/about\/"},"modified":"2025-05-22T22:32:47","modified_gmt":"2025-05-22T22:32:47","slug":"galeria","status":"publish","type":"page","link":"https:\/\/paszportkolekcjonerski.com\/de\/galeria\/","title":{"rendered":"Galeria"},"content":{"rendered":"\n\n\n<h1>galerie<\/h1>\n\n\n\n\n\n<h2>Unsere gef\u00e4lschten P\u00e4sse<\/h2>\n<p style=\"font-size: large;\">So sehen gef\u00e4lschte Reisep\u00e4sse aus dem Darknet aus. Es handelt sich um Produkte h\u00f6chster Qualit\u00e4t, die auf originalen, echten Reisep\u00e4ssen basieren. Jeder gef\u00e4lschte Reisepass verf\u00fcgt \u00fcber einzigartige Seriennummern, die nur f\u00fcr ein bestimmtes Dokument g\u00fcltig sind. Sie werden in keiner Weise dupliziert, wodurch die sichere Verwendung des gef\u00e4lschten Reisepasses in jeder Situation gew\u00e4hrleistet ist. Mit diesen Reisep\u00e4ssen k\u00f6nnen Sie problemlos fliegen, sich in jedem Land registrieren, ein Bankkonto er\u00f6ffnen, ein Haus oder Auto mieten, ein Unternehmen registrieren oder ein neues Leben in einem neuen Land beginnen \u2013 ganz von vorne. Dank unserer gef\u00e4lschten Reisep\u00e4sse bestehen Sie jede \u00dcberpr\u00fcfung erfolgreich.<\/p>\n\n\n\n\n\n\n\n\n{&#8222;title&#8220;:&#8220;&#8220;,&#8220;content&#8220;:&#8220;<div style=\\\"position:relative; width:100%; height:0px; padding-bottom:176.912%\\\"><iframe allow=\\\"fullscreen\\\" allowfullscreen height=\\\"100%\\\" src=\\\"https:\/\/streamable.com\/e\/u8vmd6?loop=0\\\" width=\\\"100%\\\" style=\\\"border:none; width:100%; height:100%; position:absolute; left:0px; top:0px; overflow:hidden;\\\"><\/iframe><\/div>&#8222;}\n\n\n{&#8222;title&#8220;:&#8220;&#8220;,&#8220;content&#8220;:&#8220;<div style=\\\"position:relative; width:100%; height:0px; padding-bottom:181.818%\\\"><iframe allow=\\\"fullscreen\\\" allowfullscreen height=\\\"100%\\\" src=\\\"https:\/\/streamable.com\/e\/g93j7y?loop=0\\\" width=\\\"100%\\\" style=\\\"border:none; width:100%; height:100%; position:absolute; left:0px; top:0px; overflow:hidden;\\\"><\/iframe><\/div>&#8222;}\n\n\n{&#8222;title&#8220;:&#8220;&#8220;,&#8220;content&#8220;:&#8220;<div style=\\\"position:relative; width:100%; height:0px; padding-bottom:173.889%\\\"><iframe allow=\\\"fullscreen\\\" allowfullscreen height=\\\"100%\\\" src=\\\"https:\/\/streamable.com\/e\/xkxrz5?loop=0\\\" width=\\\"100%\\\" style=\\\"border:none; width:100%; height:100%; position:absolute; left:0px; top:0px; overflow:hidden;\\\"><\/iframe><\/div>&#8222;}\n\n\n{&#8222;title&#8220;:&#8220;&#8220;,&#8220;content&#8220;:&#8220;<div style=\\\"position:relative; width:100%; height:0px; padding-bottom:181.818%\\\"><iframe allow=\\\"fullscreen\\\" allowfullscreen height=\\\"100%\\\" src=\\\"https:\/\/streamable.com\/e\/z9or7v?loop=0\\\" width=\\\"100%\\\" style=\\\"border:none; width:100%; height:100%; position:absolute; left:0px; top:0px; overflow:hidden;\\\"><\/iframe><\/div>&#8222;}\n\n\n{&#8222;title&#8220;:&#8220;&#8220;,&#8220;content&#8220;:&#8220;<div style=\\\"position:relative; width:100%; height:0px; padding-bottom:100.000%\\\"><iframe allow=\\\"fullscreen\\\" allowfullscreen height=\\\"100%\\\" src=\\\"https:\/\/streamable.com\/e\/kumyzj?loop=0\\\" width=\\\"100%\\\" style=\\\"border:none; width:100%; height:100%; position:absolute; left:0px; top:0px; overflow:hidden;\\\"><\/iframe><\/div>&#8222;}\n\n\n\n","protected":false},"excerpt":{"rendered":"","protected":false},"author":1,"featured_media":0,"parent":0,"menu_order":0,"comment_status":"closed","ping_status":"closed","template":"","meta":{"pagelayer_contact_templates":[],"_pagelayer_content":"","footnotes":""},"class_list":["post-30","page","type-page","status-publish","hentry"],"amp_enabled":true,"_links":{"self":[{"href":"https:\/\/paszportkolekcjonerski.com\/de\/wp-json\/wp\/v2\/pages\/30","targetHints":{"allow":["GET"]}}],"collection":[{"href":"https:\/\/paszportkolekcjonerski.com\/de\/wp-json\/wp\/v2\/pages"}],"about":[{"href":"https:\/\/paszportkolekcjonerski.com\/de\/wp-json\/wp\/v2\/types\/page"}],"author":[{"embeddable":true,"href":"https:\/\/paszportkolekcjonerski.com\/de\/wp-json\/wp\/v2\/users\/1"}],"replies":[{"embeddable":true,"href":"https:\/\/paszportkolekcjonerski.com\/de\/wp-json\/wp\/v2\/comments?post=30"}],"version-history":[{"count":20,"href":"https:\/\/paszportkolekcjonerski.com\/de\/wp-json\/wp\/v2\/pages\/30\/revisions"}],"predecessor-version":[{"id":174,"href":"https:\/\/paszportkolekcjonerski.com\/de\/wp-json\/wp\/v2\/pages\/30\/revisions\/174"}],"wp:attachment":[{"href":"https:\/\/paszportkolekcjonerski.com\/de\/wp-json\/wp\/v2\/media?parent=30"}],"curies":[{"name":"wp","href":"https:\/\/api.w.org\/{rel}","templated":true}]}}