{"id":32,"date":"2024-04-28T02:35:38","date_gmt":"2024-04-28T02:35:38","guid":{"rendered":"https:\/\/paszportkolekcjonerski.com\/home\/"},"modified":"2025-06-02T01:10:33","modified_gmt":"2025-06-02T01:10:33","slug":"home","status":"publish","type":"page","link":"https:\/\/paszportkolekcjonerski.com\/de\/","title":{"rendered":"Home"},"content":{"rendered":"\n\n\n\r\n<h2>Was macht unseren gef\u00e4lschten Reisepass einzigartig?<\/h2>\r\n\n\n\r\n<p><span style=\"font-size: large;\">Unsere gef\u00e4lschten Reisep\u00e4sse werden mit den pers\u00f6nlichen Daten Ihrer Wahl ausgestellt. Sie erm\u00f6glichen Ihnen unter anderem freies Reisen, z. B. mit dem Flugzeug, das freie \u00dcberqueren von Grenzen, die Best\u00e4tigung Ihrer neuen Identit\u00e4t oder die Anmietung eines Autos oder einer Wohnung. Ein \u00fcber unsere Website erworbener gef\u00e4lschter Reisepass bietet Ihnen die gleichen M\u00f6glichkeiten wie ein echtes Dokument. Ein gef\u00e4lschter Reisepass ist so gestaltet, dass er wie ein echtes Dokument sicher und ohne Risiko verwendet werden kann.<\/span><\/p>\r\n\n\n\n\n\n\r\n<h2>Woher kommt der gef\u00e4lschte Reisepass?<\/h2>\r\n\n\n\r\n<p style=\"font-size: large;\">Die von uns verkauften gef\u00e4lschten Reisep\u00e4sse stammen aus dem Darknet \u2013 das ist die einfachste und objektivste Antwort auf diese Frage. Jeder gef\u00e4lschte Reisepass, den wir an unsere Kunden liefern, stammt von einem vertrauensw\u00fcrdigen Verk\u00e4ufer, der seit vielen Jahren im Darknet t\u00e4tig ist. Dank unserer langj\u00e4hrigen Erfahrung und unseres umfassenden Wissens \u00fcber die Navigation in den f\u00fcr den Durchschnittsnutzer unzug\u00e4nglichen Ecken des Internets k\u00f6nnen wir Ihnen einen qualitativ hochwertigen gef\u00e4lschten Reisepass anbieten, der Ihren Erwartungen entspricht, da er wie ein echtes Dokument ohne Risiko verwendet werden kann. Wir sind \u00fcberzeugt, dass unsere Produkte Ihren Erwartungen entsprechen und ihren Zweck lange und zuverl\u00e4ssig erf\u00fcllen werden. Kontaktieren Sie uns jetzt und teilen Sie uns Ihre Dokumentenanforderungen mit. Wir garantieren Ihnen, dass wir die optimale L\u00f6sung f\u00fcr Sie finden.<\/p>\r\n\n\n\n<p><div style=\"position:relative; width:100%; height:0px; padding-bottom:137.931%\"><iframe loading=\"lazy\" allow=\"fullscreen\" allowfullscreen height=\"100%\" src=\"https:\/\/streamable.com\/e\/9scf8y?muted=1\" width=\"100%\" style=\"border:none; width:100%; height:100%; position:absolute; left:0px; top:0px; overflow:hidden;\"><\/iframe><\/div><\/p>\n\n\n\n\n<p><iframe loading=\"lazy\" allow=\"fullscreen\" allowfullscreen height=\"720\" src=\"https:\/\/streamable.com\/e\/mlbmfx?muted=1\" width=\"480\" style=\"border:none;\"><\/iframe><\/p>\n\n\n\r\n<h2>wie viel kosten gef\u00e4lschte P\u00e4sse?<\/h2>\r\n\n\n\r\n<p style=\"font-size: large;\">Auf diese Frage gibt es keine eindeutige Antwort. Leider h\u00e4ngen die Besonderheiten dieses Gesch\u00e4fts von vielen Faktoren ab. Der Preis unserer Reisep\u00e4sse richtet sich nach ihrer N\u00fctzlichkeit und ihrem Sicherheitsniveau. Die teuersten gef\u00e4lschten Reisep\u00e4sse sind diejenigen, die visumfreies Reisen in die meisten L\u00e4nder der Welt erm\u00f6glichen. Reisep\u00e4sse aus L\u00e4ndern wie den USA, Gro\u00dfbritannien, Australien, Japan oder der Europ\u00e4ischen Union erfreuen sich gr\u00f6\u00dfter Beliebtheit, da sie visumfreies Reisen in die meisten L\u00e4nder der Welt erm\u00f6glichen. Ein weiterer Faktor, der den Endpreis eines Reisepasses bestimmt, ist das Sicherheitsniveau des jeweiligen Dokuments. Dies betrifft vor allem, ob der Reisepass einen RFID-Chip mit werkseitig kodierten biometrischen Daten enth\u00e4lt. Heutzutage ist ein Chip in den meisten L\u00e4ndern der sogenannten \u201eErsten Welt\u201c ein Standard-Sicherheitsmerkmal in Dokumenten, weshalb die korrekte Kodierung eines solchen Chips mit zus\u00e4tzlichen Kosten verbunden ist.<\/p>\r\n\n\n\n\n\n\r\n<h2>Kontaktieren Sie uns jetzt!<\/h2>\r\n\n\n\r\n<p style=\"text-align: center;\"><span style=\"color: #ffffff; font-size: large;\">Wir stehen Ihnen gerne zur Verf\u00fcgung und bem\u00fchen uns, Ihre Nachricht innerhalb von 24 Stunden zu beantworten. Schreiben Sie uns und teilen Sie uns Ihr Anliegen mit. Wir schlagen Ihnen die beste L\u00f6sung vor und empfehlen Ihnen das Dokument, das Ihren Anforderungen am besten entspricht.<\/span><\/p>\r\n\n\r\n<p style=\"text-align: center;\">\u00a0<\/p>\r\n<p style=\"text-align: center;\"><span style=\"color: #ffffff; font-size: large;\">Sie erreichen uns am besten auf Polnisch oder Englisch. Sie k\u00f6nnen auch einen \u00dcbersetzer nutzen.<\/span><\/p>\r\n\n\r\n<p style=\"text-align: center;\">\u00a0<\/p>\r\n<p style=\"text-align: center;\"><span style=\"color: #ffffff; font-size: large;\">HINWEIS! Diese Seite wurde mit Google Translator \u00fcbersetzt. Sollten \u00dcbersetzungsfehler auftreten, bitten wir um Ihr Verst\u00e4ndnis.<\/span><\/p>\r\n\n\n\n\n\n\n\r\n<h2>Warum lohnt es sich, uns zu vertrauen?<\/h2>\r\n\n\n\n\n\r\n<p style=\"font-size: large;\">Wir kennen uns mit gef\u00e4lschten P\u00e4ssen und der Navigation im Darknet wie kein anderer aus. Wir sind Experten auf diesem Gebiet und bieten dem Kunden immer die beste L\u00f6sung.<\/p>\r\n\n\n\n\r\n<p style=\"font-size: large;\">Unsere gef\u00e4lschten Reisep\u00e4sse k\u00f6nnen wie echte Dokumente sicher verwendet werden. Sie verf\u00fcgen \u00fcber alle Sicherheitsmerkmale, sodass sie jede Kontrolle problemlos bestehen.<\/p>\r\n\n\n\n\r\n<p style=\"font-size: large;\">Wir verstehen die Bed\u00fcrfnisse unserer Kunden genau und versuchen stets, diese zu erf\u00fcllen. Wir sind in der Lage, in allen Fragen eine Einigung zu erzielen und eine professionelle Beratung zu bieten.<\/p>\r\n\n\n\n\n\n\n\n\r\n<h2>Kaufen Sie einen gef\u00e4lschten Reisepass, der jede \u00dcberpr\u00fcfung besteht<\/h2>\r\n\n\n\r\n<p><span style=\"font-size: large;\">Unsere gef\u00e4lschten Reisep\u00e4sse bestehen jede Pr\u00fcfung. Egal, ob Sie ihn f\u00fcr Reisen, Firmengr\u00fcndungen, die Er\u00f6ffnung eines Bankkontos, die Legalisierung Ihres Auslandsaufenthalts oder die Anmietung eines Hauses oder Autos ben\u00f6tigen. Mit unseren gef\u00e4lschten Reisep\u00e4ssen ist das ein Kinderspiel, denn Sie k\u00f6nnen sie risikolos wie echte Dokumente verwenden. All dies dank der perfekten Verarbeitung hochwertigster Materialien unter Verwendung modernster Technologie.<\/span><\/p>\r\n\n\r\n<p><span style=\"font-size: large;\">Und denken Sie noch an eines: <b>Es gibt keinen Reisepass mit Datenbankeintrag!<\/b> So etwas gibt es nicht! Nur <b>Betr\u00fcger bieten \u201eReisep\u00e4sse mit Datenbankeintrag\u201c an<\/b>. Lassen Sie sich also nicht von solchen Angeboten t\u00e4uschen. Zwar f\u00fchren verschiedene L\u00e4nder eigene Aufzeichnungen \u00fcber ausgestellte Dokumente, ABER es gibt keine \u201eglobale Datenbank\u201c! Wenn Sie weitere Informationen zu diesem Thema ben\u00f6tigen, kontaktieren Sie uns \u2013 wir erkl\u00e4ren Ihnen genau, wie dieses System funktioniert.<\/span><\/p>\r\n\n\r\n<p>{&#8222;title&#8220;:&#8220;Falszywy Paszport z zaprogramowanym czipem RFID&#8220;,&#8220;content&#8220;:&#8220;<\/p>\r\n<center><iframe loading=\"lazy\" style=\"0border: none;\" src=\"\\\" width=\"\\\" height=\"\\\" allowfullscreen=\"allowfullscreen\"><\/iframe><\/center>\r\n<p>&#8222;}<\/p>\r\n\n\r\n<p>{&#8222;title&#8220;:&#8220;Fa\u0142szywy Paszport z zaprogramowanym chipem RFID&#8220;,&#8220;content&#8220;:&#8220;<\/p>\r\n<center><iframe loading=\"lazy\" style=\"0border: none;\" src=\"\\\" width=\"\\\" height=\"\\\" allowfullscreen=\"allowfullscreen\"><\/iframe>&#8222;}\n\n","protected":false},"excerpt":{"rendered":"","protected":false},"author":1,"featured_media":0,"parent":0,"menu_order":0,"comment_status":"closed","ping_status":"closed","template":"","meta":{"pagelayer_contact_templates":[],"_pagelayer_content":"","footnotes":""},"class_list":["post-32","page","type-page","status-publish","hentry"],"amp_enabled":false,"_links":{"self":[{"href":"https:\/\/paszportkolekcjonerski.com\/de\/wp-json\/wp\/v2\/pages\/32","targetHints":{"allow":["GET"]}}],"collection":[{"href":"https:\/\/paszportkolekcjonerski.com\/de\/wp-json\/wp\/v2\/pages"}],"about":[{"href":"https:\/\/paszportkolekcjonerski.com\/de\/wp-json\/wp\/v2\/types\/page"}],"author":[{"embeddable":true,"href":"https:\/\/paszportkolekcjonerski.com\/de\/wp-json\/wp\/v2\/users\/1"}],"replies":[{"embeddable":true,"href":"https:\/\/paszportkolekcjonerski.com\/de\/wp-json\/wp\/v2\/comments?post=32"}],"version-history":[{"count":47,"href":"https:\/\/paszportkolekcjonerski.com\/de\/wp-json\/wp\/v2\/pages\/32\/revisions"}],"predecessor-version":[{"id":196,"href":"https:\/\/paszportkolekcjonerski.com\/de\/wp-json\/wp\/v2\/pages\/32\/revisions\/196"}],"wp:attachment":[{"href":"https:\/\/paszportkolekcjonerski.com\/de\/wp-json\/wp\/v2\/media?parent=32"}],"curies":[{"name":"wp","href":"https:\/\/api.w.org\/{rel}","templated":true}]}}