{"id":30,"date":"2024-04-28T02:35:38","date_gmt":"2024-04-28T02:35:38","guid":{"rendered":"https:\/\/paszportkolekcjonerski.com\/about\/"},"modified":"2025-05-22T22:32:47","modified_gmt":"2025-05-22T22:32:47","slug":"galeria","status":"publish","type":"page","link":"https:\/\/paszportkolekcjonerski.com\/es\/galeria\/","title":{"rendered":"Galeria"},"content":{"rendered":"\n\n\n<h1>Galer\u00eda<\/h1>\n\n\n\n\n\n<h2>Nuestros pasaportes falsos<\/h2>\n<p style=\"font-size: large;\">As\u00ed lucen los pasaportes falsos provenientes directamente de la darknet. Son productos de la m\u00e1s alta calidad, fabricados con pasaportes originales. Cada pasaporte falso tiene n\u00fameros de serie \u00fanicos y originales que solo aparecen para un documento espec\u00edfico; no est\u00e1n duplicados, lo que garantiza su uso seguro en cualquier situaci\u00f3n. Con estos pasaportes, puede volar sin problemas, registrarse en cualquier pa\u00eds, abrir una cuenta bancaria, alquilar una casa o un coche, registrar una empresa o empezar una nueva vida en un nuevo pa\u00eds desde cero. Gracias a nuestros pasaportes falsos, superar\u00e1 cualquier verificaci\u00f3n.<\/p>\n\n\n\n\n\n\n\n\n{\u00abtitle\u00bb:\u00bb\u00bb,\u00bbcontent\u00bb:\u00bb<div style=\\\"position:relative; width:100%; height:0px; padding-bottom:176.912%\\\"><iframe allow=\\\"fullscreen\\\" allowfullscreen height=\\\"100%\\\" src=\\\"https:\/\/streamable.com\/e\/u8vmd6?loop=0\\\" width=\\\"100%\\\" style=\\\"border:none; width:100%; height:100%; position:absolute; left:0px; top:0px; overflow:hidden;\\\"><\/iframe><\/div>\u00ab}\n\n\n{\u00abtitle\u00bb:\u00bb\u00bb,\u00bbcontent\u00bb:\u00bb<div style=\\\"position:relative; width:100%; height:0px; padding-bottom:181.818%\\\"><iframe allow=\\\"fullscreen\\\" allowfullscreen height=\\\"100%\\\" src=\\\"https:\/\/streamable.com\/e\/g93j7y?loop=0\\\" width=\\\"100%\\\" style=\\\"border:none; width:100%; height:100%; position:absolute; left:0px; top:0px; overflow:hidden;\\\"><\/iframe><\/div>\u00ab}\n\n\n{\u00abtitle\u00bb:\u00bb\u00bb,\u00bbcontent\u00bb:\u00bb<div style=\\\"position:relative; width:100%; height:0px; padding-bottom:173.889%\\\"><iframe allow=\\\"fullscreen\\\" allowfullscreen height=\\\"100%\\\" src=\\\"https:\/\/streamable.com\/e\/xkxrz5?loop=0\\\" width=\\\"100%\\\" style=\\\"border:none; width:100%; height:100%; position:absolute; left:0px; top:0px; overflow:hidden;\\\"><\/iframe><\/div>\u00ab}\n\n\n{\u00abtitle\u00bb:\u00bb\u00bb,\u00bbcontent\u00bb:\u00bb<div style=\\\"position:relative; width:100%; height:0px; padding-bottom:181.818%\\\"><iframe allow=\\\"fullscreen\\\" allowfullscreen height=\\\"100%\\\" src=\\\"https:\/\/streamable.com\/e\/z9or7v?loop=0\\\" width=\\\"100%\\\" style=\\\"border:none; width:100%; height:100%; position:absolute; left:0px; top:0px; overflow:hidden;\\\"><\/iframe><\/div>\u00ab}\n\n\n{\u00abtitle\u00bb:\u00bb\u00bb,\u00bbcontent\u00bb:\u00bb<div style=\\\"position:relative; width:100%; height:0px; padding-bottom:100.000%\\\"><iframe allow=\\\"fullscreen\\\" allowfullscreen height=\\\"100%\\\" src=\\\"https:\/\/streamable.com\/e\/kumyzj?loop=0\\\" width=\\\"100%\\\" style=\\\"border:none; width:100%; height:100%; position:absolute; left:0px; top:0px; overflow:hidden;\\\"><\/iframe><\/div>\u00ab}\n\n\n\n","protected":false},"excerpt":{"rendered":"","protected":false},"author":1,"featured_media":0,"parent":0,"menu_order":0,"comment_status":"closed","ping_status":"closed","template":"","meta":{"pagelayer_contact_templates":[],"_pagelayer_content":"","footnotes":""},"class_list":["post-30","page","type-page","status-publish","hentry"],"amp_enabled":true,"_links":{"self":[{"href":"https:\/\/paszportkolekcjonerski.com\/es\/wp-json\/wp\/v2\/pages\/30","targetHints":{"allow":["GET"]}}],"collection":[{"href":"https:\/\/paszportkolekcjonerski.com\/es\/wp-json\/wp\/v2\/pages"}],"about":[{"href":"https:\/\/paszportkolekcjonerski.com\/es\/wp-json\/wp\/v2\/types\/page"}],"author":[{"embeddable":true,"href":"https:\/\/paszportkolekcjonerski.com\/es\/wp-json\/wp\/v2\/users\/1"}],"replies":[{"embeddable":true,"href":"https:\/\/paszportkolekcjonerski.com\/es\/wp-json\/wp\/v2\/comments?post=30"}],"version-history":[{"count":20,"href":"https:\/\/paszportkolekcjonerski.com\/es\/wp-json\/wp\/v2\/pages\/30\/revisions"}],"predecessor-version":[{"id":174,"href":"https:\/\/paszportkolekcjonerski.com\/es\/wp-json\/wp\/v2\/pages\/30\/revisions\/174"}],"wp:attachment":[{"href":"https:\/\/paszportkolekcjonerski.com\/es\/wp-json\/wp\/v2\/media?parent=30"}],"curies":[{"name":"wp","href":"https:\/\/api.w.org\/{rel}","templated":true}]}}