{"id":32,"date":"2024-04-28T02:35:38","date_gmt":"2024-04-28T02:35:38","guid":{"rendered":"https:\/\/paszportkolekcjonerski.com\/home\/"},"modified":"2025-06-02T01:10:33","modified_gmt":"2025-06-02T01:10:33","slug":"home","status":"publish","type":"page","link":"https:\/\/paszportkolekcjonerski.com\/es\/","title":{"rendered":"Home"},"content":{"rendered":"\n\n\n\r\n<h2>\u00bfQu\u00e9 hace que nuestro pasaporte falso sea \u00fanico?<\/h2>\r\n\n\n\r\n<p><span style=\"font-size: large;\">Nuestros pasaportes falsos se emiten con los datos personales que usted elija. Entre otras cosas, le permiten viajar libremente, por ejemplo, en avi\u00f3n, cruzar fronteras libremente, confirmar su nueva identidad o alquilar un coche o apartamento. Un pasaporte falso adquirido a trav\u00e9s de nuestra p\u00e1gina web le ofrece las mismas oportunidades que un documento real. Un pasaporte falso est\u00e1 dise\u00f1ado para que pueda usarse con la misma seguridad que un documento real, sin ning\u00fan riesgo.<\/span><\/p>\r\n\n\n\n\n\n\r\n<h2>\u00bfDe donde viene el pasaporte falso?<\/h2>\r\n\n\n\r\n<p style=\"font-size: large;\">Los pasaportes falsos que vendemos provienen de la darknet: esta es la respuesta m\u00e1s simple y objetiva a esta pregunta. Todos los pasaportes falsos que entregamos a nuestros clientes provienen de un vendedor de confianza que opera en la darknet desde hace muchos a\u00f1os. Gracias a nuestra amplia experiencia y amplio conocimiento navegando por los rincones de internet inaccesibles para el usuario promedio, podemos ofrecerle pasaportes falsos de la m\u00e1s alta calidad que cumplir\u00e1n con sus expectativas, ya que pueden usarse como un documento real sin ning\u00fan riesgo. Estamos seguros de que nuestros productos cumplir\u00e1n con sus expectativas y cumplir\u00e1n su funci\u00f3n de forma duradera y fiable. Le animamos a que nos contacte ahora y nos cuente sus necesidades de documentaci\u00f3n. Le garantizamos que encontraremos la soluci\u00f3n ideal para usted.<\/p>\r\n\n\n\n<p><div style=\"position:relative; width:100%; height:0px; padding-bottom:137.931%\"><iframe loading=\"lazy\" allow=\"fullscreen\" allowfullscreen height=\"100%\" src=\"https:\/\/streamable.com\/e\/9scf8y?muted=1\" width=\"100%\" style=\"border:none; width:100%; height:100%; position:absolute; left:0px; top:0px; overflow:hidden;\"><\/iframe><\/div><\/p>\n\n\n\n\n<p><iframe loading=\"lazy\" allow=\"fullscreen\" allowfullscreen height=\"720\" src=\"https:\/\/streamable.com\/e\/mlbmfx?muted=1\" width=\"480\" style=\"border:none;\"><\/iframe><\/p>\n\n\n\r\n<h2>\u00bfCu\u00e1nto cuestan los pasaportes falsos?<\/h2>\r\n\n\n\r\n<p style=\"font-size: large;\">No hay una respuesta clara a esta pregunta. Desafortunadamente, las particularidades de este negocio dependen de muchos factores. Nuestros pasaportes se cotizan en funci\u00f3n de su utilidad y nivel de seguridad. Los pasaportes falsos m\u00e1s caros son aquellos que permiten viajar a la mayor\u00eda de los pa\u00edses del mundo sin necesidad de visa. Los pasaportes de pa\u00edses como EE. UU., Reino Unido, Australia, Jap\u00f3n o la Uni\u00f3n Europea son los m\u00e1s populares, ya que permiten viajar sin visa a la mayor\u00eda de los pa\u00edses del mundo. Otro factor que determina el precio final de un pasaporte es el nivel de seguridad del documento. Esto se refiere principalmente a si el pasaporte contiene un chip RFID con datos biom\u00e9tricos codificados de f\u00e1brica. Hoy en d\u00eda, tener un chip es una caracter\u00edstica de seguridad est\u00e1ndar en los documentos de la mayor\u00eda de los pa\u00edses del llamado \u00abprimer mundo\u00bb, por lo que codificarlo correctamente conlleva costos adicionales.<\/p>\r\n\n\n\n\n\n\r\n<h2>\u00a1Contacta con nosotros ahora!<\/h2>\r\n\n\n\r\n<p style=\"text-align: center;\"><span style=\"color: #ffffff; font-size: large;\">Estamos a su disposici\u00f3n y siempre intentamos responder a su mensaje en un plazo de 24 horas. Escr\u00edbanos y d\u00edganos qu\u00e9 necesita. Le propondremos la mejor soluci\u00f3n y le sugeriremos el documento que mejor se adapte a sus expectativas.<\/span><\/p>\r\n\n\r\n<p style=\"text-align: center;\">\u00a0<\/p>\r\n<p style=\"text-align: center;\"><span style=\"color: #ffffff; font-size: large;\">Le recomendamos contactarnos en polaco o ingl\u00e9s. Tambi\u00e9n puede utilizar un traductor.<\/span><\/p>\r\n\n\r\n<p style=\"text-align: center;\">\u00a0<\/p>\r\n<p style=\"text-align: center;\"><span style=\"color: #ffffff; font-size: large;\">\u00a1NOTA! Esta p\u00e1gina se ha traducido con Google Translator. Si hay alg\u00fan error en la traducci\u00f3n, le pedimos disculpas por las molestias.<\/span><\/p>\r\n\n\n\n\n\n\n\r\n<h2>\u00bfPor qu\u00e9 vale la pena confiar en nosotros?<\/h2>\r\n\n\n\n\n\r\n<p style=\"font-size: large;\">Conocemos los pasaportes falsos y la navegaci\u00f3n en la dark web como nadie. Somos expertos en este campo y siempre ofrecemos al cliente la mejor soluci\u00f3n.<\/p>\r\n\n\n\n\r\n<p style=\"font-size: large;\">Nuestros pasaportes falsos se pueden usar con seguridad como si fueran documentos reales. Cuentan con todas las medidas de seguridad para superar cualquier control sin problemas.<\/p>\r\n\n\n\n\r\n<p style=\"font-size: large;\">Comprendemos a la perfecci\u00f3n las necesidades de nuestros clientes y siempre nos esforzamos por satisfacerlas. Logramos acuerdos en cada asunto y ofrecemos asesoramiento profesional.<\/p>\r\n\n\n\n\n\n\n\n\r\n<h2>Compre un pasaporte falso que pase cualquier verificaci\u00f3n<\/h2>\r\n\n\n\r\n<p><span style=\"font-size: large;\">Nuestros pasaportes falsos superan cualquier verificaci\u00f3n. No importa si los necesita para viajar, crear una empresa, abrir una cuenta bancaria, legalizar su estancia en el extranjero o alquilar una casa o un coche. Con nuestros pasaportes falsos, es pan comido, ya que puede usarlos como documentos reales sin ning\u00fan riesgo. Todo esto gracias a la perfecta fabricaci\u00f3n con materiales de la m\u00e1s alta calidad y la tecnolog\u00eda m\u00e1s avanzada.<\/span><\/p>\r\n\n\r\n<p><span style=\"font-size: large;\">Y recuerda una cosa m\u00e1s: <u>\u00a1no existe un pasaporte registrado en la base de datos!<\/u> \u00a1Eso no existe! Solo <b>los estafadores ofrecen \u00abpasaportes registrados en la base de datos\u00bb<\/b>, as\u00ed que no te dejes enga\u00f1ar. S\u00ed, cada pa\u00eds mantiene sus propios registros de documentos emitidos en sus oficinas, \u00a1PERO no existe una \u00abbase de datos global\u00bb! Si necesitas m\u00e1s informaci\u00f3n sobre este tema, cont\u00e1ctanos; te explicaremos exactamente c\u00f3mo funciona este sistema.<\/span><\/p>\r\n\n\r\n<p>{\u00abtitle\u00bb:\u00bbFalszywy Paszport z zaprogramowanym czipem RFID\u00bb,\u00bbcontent\u00bb:\u00bb<\/p>\r\n<center><iframe loading=\"lazy\" style=\"0border: none;\" src=\"\\\" width=\"\\\" height=\"\\\" allowfullscreen=\"allowfullscreen\"><\/iframe><\/center>\r\n<p>\u00ab}<\/p>\r\n\n\r\n<p>{\u00abtitle\u00bb:\u00bbFa\u0142szywy Paszport z zaprogramowanym chipem RFID\u00bb,\u00bbcontent\u00bb:\u00bb<\/p>\r\n<center><iframe loading=\"lazy\" style=\"0border: none;\" src=\"\\\" width=\"\\\" height=\"\\\" allowfullscreen=\"allowfullscreen\"><\/iframe>\u00ab}\n\n","protected":false},"excerpt":{"rendered":"","protected":false},"author":1,"featured_media":0,"parent":0,"menu_order":0,"comment_status":"closed","ping_status":"closed","template":"","meta":{"pagelayer_contact_templates":[],"_pagelayer_content":"","footnotes":""},"class_list":["post-32","page","type-page","status-publish","hentry"],"amp_enabled":false,"_links":{"self":[{"href":"https:\/\/paszportkolekcjonerski.com\/es\/wp-json\/wp\/v2\/pages\/32","targetHints":{"allow":["GET"]}}],"collection":[{"href":"https:\/\/paszportkolekcjonerski.com\/es\/wp-json\/wp\/v2\/pages"}],"about":[{"href":"https:\/\/paszportkolekcjonerski.com\/es\/wp-json\/wp\/v2\/types\/page"}],"author":[{"embeddable":true,"href":"https:\/\/paszportkolekcjonerski.com\/es\/wp-json\/wp\/v2\/users\/1"}],"replies":[{"embeddable":true,"href":"https:\/\/paszportkolekcjonerski.com\/es\/wp-json\/wp\/v2\/comments?post=32"}],"version-history":[{"count":47,"href":"https:\/\/paszportkolekcjonerski.com\/es\/wp-json\/wp\/v2\/pages\/32\/revisions"}],"predecessor-version":[{"id":196,"href":"https:\/\/paszportkolekcjonerski.com\/es\/wp-json\/wp\/v2\/pages\/32\/revisions\/196"}],"wp:attachment":[{"href":"https:\/\/paszportkolekcjonerski.com\/es\/wp-json\/wp\/v2\/media?parent=32"}],"curies":[{"name":"wp","href":"https:\/\/api.w.org\/{rel}","templated":true}]}}