{"id":30,"date":"2024-04-28T02:35:38","date_gmt":"2024-04-28T02:35:38","guid":{"rendered":"https:\/\/paszportkolekcjonerski.com\/about\/"},"modified":"2025-05-22T22:32:47","modified_gmt":"2025-05-22T22:32:47","slug":"galeria","status":"publish","type":"page","link":"https:\/\/paszportkolekcjonerski.com\/fr\/galeria\/","title":{"rendered":"Galeria"},"content":{"rendered":"\n\n\n<h1>galerie<\/h1>\n\n\n\n\n\n<h2>Nos faux passeports<\/h2>\n<p style=\"font-size: large;\">Voici \u00e0 quoi ressemblent les faux passeports provenant directement du darknet. Ce sont des produits de la plus haute qualit\u00e9, fabriqu\u00e9s \u00e0 partir de v\u00e9ritables passeports. Chaque faux passeport poss\u00e8de un num\u00e9ro de s\u00e9rie original et unique, propre \u00e0 un document sp\u00e9cifique. Ces num\u00e9ros ne sont en aucun cas dupliqu\u00e9s, ce qui garantit une utilisation s\u00fbre en toutes circonstances. Gr\u00e2ce \u00e0 ces passeports, vous pouvez prendre l&rsquo;avion sans probl\u00e8me, vous enregistrer dans n&rsquo;importe quel pays, ouvrir un compte bancaire, louer une maison ou une voiture, cr\u00e9er une entreprise ou commencer une nouvelle vie dans un nouveau pays. Gr\u00e2ce \u00e0 nos faux passeports, vous passerez avec succ\u00e8s tous les contr\u00f4les.<\/p>\n\n\n\n\n\n\n\n\n{\u00ab\u00a0title\u00a0\u00bb:\u00a0\u00bb\u00a0\u00bb,\u00a0\u00bbcontent\u00a0\u00bb:\u00a0\u00bb<div style=\\\"position:relative; width:100%; height:0px; padding-bottom:176.912%\\\"><iframe allow=\\\"fullscreen\\\" allowfullscreen height=\\\"100%\\\" src=\\\"https:\/\/streamable.com\/e\/u8vmd6?loop=0\\\" width=\\\"100%\\\" style=\\\"border:none; width:100%; height:100%; position:absolute; left:0px; top:0px; overflow:hidden;\\\"><\/iframe><\/div>\u00ab\u00a0}\n\n\n{\u00ab\u00a0title\u00a0\u00bb:\u00a0\u00bb\u00a0\u00bb,\u00a0\u00bbcontent\u00a0\u00bb:\u00a0\u00bb<div style=\\\"position:relative; width:100%; height:0px; padding-bottom:181.818%\\\"><iframe allow=\\\"fullscreen\\\" allowfullscreen height=\\\"100%\\\" src=\\\"https:\/\/streamable.com\/e\/g93j7y?loop=0\\\" width=\\\"100%\\\" style=\\\"border:none; width:100%; height:100%; position:absolute; left:0px; top:0px; overflow:hidden;\\\"><\/iframe><\/div>\u00ab\u00a0}\n\n\n{\u00ab\u00a0title\u00a0\u00bb:\u00a0\u00bb\u00a0\u00bb,\u00a0\u00bbcontent\u00a0\u00bb:\u00a0\u00bb<div style=\\\"position:relative; width:100%; height:0px; padding-bottom:173.889%\\\"><iframe allow=\\\"fullscreen\\\" allowfullscreen height=\\\"100%\\\" src=\\\"https:\/\/streamable.com\/e\/xkxrz5?loop=0\\\" width=\\\"100%\\\" style=\\\"border:none; width:100%; height:100%; position:absolute; left:0px; top:0px; overflow:hidden;\\\"><\/iframe><\/div>\u00ab\u00a0}\n\n\n{\u00ab\u00a0title\u00a0\u00bb:\u00a0\u00bb\u00a0\u00bb,\u00a0\u00bbcontent\u00a0\u00bb:\u00a0\u00bb<div style=\\\"position:relative; width:100%; height:0px; padding-bottom:181.818%\\\"><iframe allow=\\\"fullscreen\\\" allowfullscreen height=\\\"100%\\\" src=\\\"https:\/\/streamable.com\/e\/z9or7v?loop=0\\\" width=\\\"100%\\\" style=\\\"border:none; width:100%; height:100%; position:absolute; left:0px; top:0px; overflow:hidden;\\\"><\/iframe><\/div>\u00ab\u00a0}\n\n\n{\u00ab\u00a0title\u00a0\u00bb:\u00a0\u00bb\u00a0\u00bb,\u00a0\u00bbcontent\u00a0\u00bb:\u00a0\u00bb<div style=\\\"position:relative; width:100%; height:0px; padding-bottom:100.000%\\\"><iframe allow=\\\"fullscreen\\\" allowfullscreen height=\\\"100%\\\" src=\\\"https:\/\/streamable.com\/e\/kumyzj?loop=0\\\" width=\\\"100%\\\" style=\\\"border:none; width:100%; height:100%; position:absolute; left:0px; top:0px; overflow:hidden;\\\"><\/iframe><\/div>\u00ab\u00a0}\n\n\n\n","protected":false},"excerpt":{"rendered":"","protected":false},"author":1,"featured_media":0,"parent":0,"menu_order":0,"comment_status":"closed","ping_status":"closed","template":"","meta":{"pagelayer_contact_templates":[],"_pagelayer_content":"","footnotes":""},"class_list":["post-30","page","type-page","status-publish","hentry"],"amp_enabled":true,"_links":{"self":[{"href":"https:\/\/paszportkolekcjonerski.com\/fr\/wp-json\/wp\/v2\/pages\/30","targetHints":{"allow":["GET"]}}],"collection":[{"href":"https:\/\/paszportkolekcjonerski.com\/fr\/wp-json\/wp\/v2\/pages"}],"about":[{"href":"https:\/\/paszportkolekcjonerski.com\/fr\/wp-json\/wp\/v2\/types\/page"}],"author":[{"embeddable":true,"href":"https:\/\/paszportkolekcjonerski.com\/fr\/wp-json\/wp\/v2\/users\/1"}],"replies":[{"embeddable":true,"href":"https:\/\/paszportkolekcjonerski.com\/fr\/wp-json\/wp\/v2\/comments?post=30"}],"version-history":[{"count":20,"href":"https:\/\/paszportkolekcjonerski.com\/fr\/wp-json\/wp\/v2\/pages\/30\/revisions"}],"predecessor-version":[{"id":174,"href":"https:\/\/paszportkolekcjonerski.com\/fr\/wp-json\/wp\/v2\/pages\/30\/revisions\/174"}],"wp:attachment":[{"href":"https:\/\/paszportkolekcjonerski.com\/fr\/wp-json\/wp\/v2\/media?parent=30"}],"curies":[{"name":"wp","href":"https:\/\/api.w.org\/{rel}","templated":true}]}}