{"id":32,"date":"2024-04-28T02:35:38","date_gmt":"2024-04-28T02:35:38","guid":{"rendered":"https:\/\/paszportkolekcjonerski.com\/home\/"},"modified":"2025-06-02T01:10:33","modified_gmt":"2025-06-02T01:10:33","slug":"home","status":"publish","type":"page","link":"https:\/\/paszportkolekcjonerski.com\/fr\/","title":{"rendered":"Home"},"content":{"rendered":"\n\n\n\r\n<h2>Qu\u2019est-ce qui rend notre faux passeport unique ?<\/h2>\r\n\n\n\r\n<p><span style=\"font-size: large;\">Nos faux passeports sont d\u00e9livr\u00e9s avec les informations personnelles de votre choix. Ils vous permettent notamment de voyager librement, par exemple en avion, de franchir librement les fronti\u00e8res, de confirmer votre nouvelle identit\u00e9 ou de louer une voiture ou un appartement. Un faux passeport achet\u00e9 sur notre site web vous offre les m\u00eames avantages qu&rsquo;un vrai document. Un faux passeport est con\u00e7u de mani\u00e8re \u00e0 pouvoir \u00eatre utilis\u00e9 en toute s\u00e9curit\u00e9, comme un vrai document, sans aucun risque.<\/span><\/p>\r\n\n\n\n\n\n\r\n<h2>D&rsquo;o\u00f9 vient le faux passeport ?<\/h2>\r\n\n\n\r\n<p style=\"font-size: large;\">Les faux passeports que nous vendons proviennent du darknet ; c&rsquo;est la r\u00e9ponse la plus simple et la plus objective \u00e0 cette question. Chaque faux passeport que nous livrons provient d&rsquo;un vendeur de confiance op\u00e9rant sur le darknet depuis de nombreuses ann\u00e9es. Forts de notre longue exp\u00e9rience et de notre connaissance approfondie des recoins d&rsquo;Internet inaccessibles au grand public, nous sommes en mesure de vous proposer des faux passeports de la plus haute qualit\u00e9, \u00e0 la hauteur de vos attentes : ils peuvent \u00eatre utilis\u00e9s comme un vrai document sans aucun risque. Nous sommes convaincus que nos produits r\u00e9pondront \u00e0 vos attentes et vous serviront longtemps et de mani\u00e8re fiable. N&rsquo;h\u00e9sitez pas \u00e0 nous contacter d\u00e8s maintenant pour nous faire part de vos besoins en mati\u00e8re de documents. Nous vous garantissons que nous trouverons la solution la plus adapt\u00e9e \u00e0 vos besoins.<\/p>\r\n\n\n\n<p><div style=\"position:relative; width:100%; height:0px; padding-bottom:137.931%\"><iframe loading=\"lazy\" allow=\"fullscreen\" allowfullscreen height=\"100%\" src=\"https:\/\/streamable.com\/e\/9scf8y?muted=1\" width=\"100%\" style=\"border:none; width:100%; height:100%; position:absolute; left:0px; top:0px; overflow:hidden;\"><\/iframe><\/div><\/p>\n\n\n\n\n<p><iframe loading=\"lazy\" allow=\"fullscreen\" allowfullscreen height=\"720\" src=\"https:\/\/streamable.com\/e\/mlbmfx?muted=1\" width=\"480\" style=\"border:none;\"><\/iframe><\/p>\n\n\n\r\n<h2>combien co\u00fbtent les faux passeports ?<\/h2>\r\n\n\n\r\n<p style=\"font-size: large;\">Il n&rsquo;y a pas de r\u00e9ponse claire \u00e0 cette question. Malheureusement, les sp\u00e9cificit\u00e9s de ce march\u00e9 d\u00e9pendent de nombreux facteurs. Le prix de nos passeports est fix\u00e9 en fonction de leur utilit\u00e9 et de leur niveau de s\u00e9curit\u00e9. Les faux passeports les plus chers sont ceux qui permettent de voyager dans la plupart des pays du monde sans visa. Les passeports de pays comme les \u00c9tats-Unis, le Royaume-Uni, l&rsquo;Australie, le Japon ou les pays de l&rsquo;Union europ\u00e9enne suscitent le plus d&rsquo;int\u00e9r\u00eat, car ils permettent de voyager sans visa dans la plupart des pays du monde. Un autre facteur d\u00e9terminant le prix final d&rsquo;un passeport est le niveau de s\u00e9curit\u00e9 du document. Il s&rsquo;agit principalement de savoir si le passeport contient une puce RFID avec des donn\u00e9es biom\u00e9triques cod\u00e9es en usine. Aujourd&rsquo;hui, la pr\u00e9sence d&rsquo;une puce est un \u00e9l\u00e9ment de s\u00e9curit\u00e9 standard des documents dans la plupart des pays dits \u00ab progressistes \u00bb, c&rsquo;est pourquoi son codage correct entra\u00eene des co\u00fbts suppl\u00e9mentaires.<\/p>\r\n\n\n\n\n\n\r\n<h2>Contactez-nous maintenant!<\/h2>\r\n\n\n\r\n<p style=\"text-align: center;\"><span style=\"color: #ffffff; font-size: large;\">Nous sommes \u00e0 votre disposition et nous effor\u00e7ons de r\u00e9pondre \u00e0 vos messages dans les 24 heures. \u00c9crivez-nous et expliquez-nous vos besoins ; nous vous proposerons la solution la plus adapt\u00e9e et le document le plus adapt\u00e9 \u00e0 vos attentes.\u00a0<\/span><\/p>\r\n\n\r\n<p style=\"text-align: center;\"><span style=\"color: #ffffff; font-size: large;\">Il est pr\u00e9f\u00e9rable de nous contacter en polonais ou en anglais. Vous pouvez \u00e9galement faire appel \u00e0 un traducteur.\u00a0<\/span><\/p>\r\n\n\r\n<p style=\"text-align: center;\"><span style=\"color: #ffffff; font-size: large;\">REMARQUE ! Cette page a \u00e9t\u00e9 traduite avec Google Translator. En cas d&rsquo;erreur, veuillez nous excuser pour la g\u00eane occasionn\u00e9e.<\/span><\/p>\r\n\n\n\n\n\n\n\r\n<h2>Pourquoi vaut-il la peine de nous faire confiance ?<\/h2>\r\n\n\n\n\n\r\n<p style=\"font-size: large;\">Nous ma\u00eetrisons les faux passeports et la navigation sur le dark web comme personne. Experts dans ce domaine, nous proposons toujours la meilleure solution \u00e0 nos clients.<\/p>\r\n\n\n\n\r\n<p style=\"font-size: large;\">Nos faux passeports peuvent \u00eatre utilis\u00e9s en toute s\u00e9curit\u00e9 comme de vrais documents. Ils sont dot\u00e9s de toutes les fonctionnalit\u00e9s de s\u00e9curit\u00e9 n\u00e9cessaires pour passer sans probl\u00e8me tous les contr\u00f4les.<\/p>\r\n\n\n\n\r\n<p style=\"font-size: large;\">Nous comprenons parfaitement les besoins de nos clients et nous effor\u00e7ons toujours d&rsquo;y r\u00e9pondre. Nous sommes en mesure de trouver un accord sur chaque probl\u00e8me et de fournir des conseils professionnels.<\/p>\r\n\n\n\n\n\n\n\n\r\n<h2>Achetez un faux passeport qui passera toutes les v\u00e9rifications<\/h2>\r\n\n\n\r\n<p><span style=\"font-size: large;\">Nos faux passeports passent tous les contr\u00f4les. Que vous en ayez besoin pour voyager, cr\u00e9er une entreprise, ouvrir un compte bancaire, r\u00e9gulariser votre s\u00e9jour \u00e0 l&rsquo;\u00e9tranger ou louer une maison ou une voiture, c&rsquo;est un jeu d&rsquo;enfant : vous pouvez les utiliser comme de vrais documents sans aucun risque. Tout cela gr\u00e2ce \u00e0 une fabrication soign\u00e9e, \u00e0 des mat\u00e9riaux de la plus haute qualit\u00e9 et \u00e0 une technologie de pointe.<\/span><\/p>\r\n\n\r\n<p><span style=\"font-size: large;\">Et n&rsquo;oubliez pas: <u>un passeport enregistr\u00e9 dans la base de donn\u00e9es n&rsquo;existe pas<\/u> ! \u00c7a n&rsquo;existe pas ! <b>Seuls les escrocs proposent des \u00ab passeports enregistr\u00e9s dans la base de donn\u00e9es \u00bb,<\/b> alors ne vous laissez pas tromper. Certes, chaque pays conserve ses propres archives des documents d\u00e9livr\u00e9s, MAIS il n&rsquo;existe pas de \u00ab base de donn\u00e9es mondiale \u00bb ! Pour plus d&rsquo;informations, contactez-nous ; nous vous expliquerons pr\u00e9cis\u00e9ment le fonctionnement de ce syst\u00e8me.<\/span><\/p>\r\n\n\r\n<p>{\u00ab\u00a0title\u00a0\u00bb:\u00a0\u00bbFalszywy Paszport z zaprogramowanym czipem RFID\u00a0\u00bb,\u00a0\u00bbcontent\u00a0\u00bb:\u00a0\u00bb<\/p>\r\n<center><iframe loading=\"lazy\" style=\"0border: none;\" src=\"\\\" width=\"\\\" height=\"\\\" allowfullscreen=\"allowfullscreen\"><\/iframe><\/center>\r\n<p>\u00ab\u00a0}<\/p>\r\n\n\r\n<p>{\u00ab\u00a0title\u00a0\u00bb:\u00a0\u00bbFa\u0142szywy Paszport z zaprogramowanym chipem RFID\u00a0\u00bb,\u00a0\u00bbcontent\u00a0\u00bb:\u00a0\u00bb<\/p>\r\n<center><iframe loading=\"lazy\" style=\"0border: none;\" src=\"\\\" width=\"\\\" height=\"\\\" allowfullscreen=\"allowfullscreen\"><\/iframe>\u00ab\u00a0}\n\n","protected":false},"excerpt":{"rendered":"","protected":false},"author":1,"featured_media":0,"parent":0,"menu_order":0,"comment_status":"closed","ping_status":"closed","template":"","meta":{"pagelayer_contact_templates":[],"_pagelayer_content":"","footnotes":""},"class_list":["post-32","page","type-page","status-publish","hentry"],"amp_enabled":false,"_links":{"self":[{"href":"https:\/\/paszportkolekcjonerski.com\/fr\/wp-json\/wp\/v2\/pages\/32","targetHints":{"allow":["GET"]}}],"collection":[{"href":"https:\/\/paszportkolekcjonerski.com\/fr\/wp-json\/wp\/v2\/pages"}],"about":[{"href":"https:\/\/paszportkolekcjonerski.com\/fr\/wp-json\/wp\/v2\/types\/page"}],"author":[{"embeddable":true,"href":"https:\/\/paszportkolekcjonerski.com\/fr\/wp-json\/wp\/v2\/users\/1"}],"replies":[{"embeddable":true,"href":"https:\/\/paszportkolekcjonerski.com\/fr\/wp-json\/wp\/v2\/comments?post=32"}],"version-history":[{"count":47,"href":"https:\/\/paszportkolekcjonerski.com\/fr\/wp-json\/wp\/v2\/pages\/32\/revisions"}],"predecessor-version":[{"id":196,"href":"https:\/\/paszportkolekcjonerski.com\/fr\/wp-json\/wp\/v2\/pages\/32\/revisions\/196"}],"wp:attachment":[{"href":"https:\/\/paszportkolekcjonerski.com\/fr\/wp-json\/wp\/v2\/media?parent=32"}],"curies":[{"name":"wp","href":"https:\/\/api.w.org\/{rel}","templated":true}]}}