{"id":32,"date":"2024-04-28T02:35:38","date_gmt":"2024-04-28T02:35:38","guid":{"rendered":"https:\/\/paszportkolekcjonerski.com\/home\/"},"modified":"2025-06-02T01:10:33","modified_gmt":"2025-06-02T01:10:33","slug":"home","status":"publish","type":"page","link":"https:\/\/paszportkolekcjonerski.com\/it\/","title":{"rendered":"Home"},"content":{"rendered":"\n\n\n\r\n<h2>Cosa rende unico il nostro passaporto falso?<\/h2>\r\n\n\n\r\n<p><span style=\"font-size: large;\">I nostri passaporti falsi vengono rilasciati con i dati personali che preferisci. Tra le altre cose, ti permettono di viaggiare liberamente, ad esempio in aereo, attraversare liberamente i confini, confermare la tua nuova identit\u00e0 o noleggiare un&#8217;auto o un appartamento. Un passaporto falso acquistato tramite il nostro sito web ti offre le stesse opportunit\u00e0 di un documento autentico. Un passaporto falso \u00e8 creato in modo tale da poter essere utilizzato in sicurezza come un documento autentico, senza alcun rischio.<\/span><\/p>\r\n\n\n\n\n\n\r\n<h2>Da dove viene il passaporto falso?<\/h2>\r\n\n\n\r\n<p style=\"font-size: large;\">I passaporti falsi che vendiamo provengono dal darknet: questa \u00e8 la risposta pi\u00f9 semplice e oggettiva a questa domanda. Ogni passaporto falso che consegniamo al cliente proviene da un venditore affidabile che opera nel darknet da molti anni. Grazie alla nostra pluriennale esperienza e alla profonda conoscenza della navigazione negli angoli di internet inaccessibili all&#8217;utente medio, siamo in grado di offrirvi passaporti falsi di altissima qualit\u00e0 che soddisferanno le vostre aspettative, perch\u00e9 possono essere utilizzati come un documento autentico senza alcun rischio. Siamo certi che i nostri prodotti soddisferanno le vostre aspettative e svolgeranno il loro compito a lungo e in modo affidabile. Vi invitiamo a contattarci subito e a condividere con noi le vostre esigenze in materia di documenti. Vi garantiamo che sceglieremo la soluzione ottimale per voi in questo ambito.<\/p>\r\n\n\n\n<p><div style=\"position:relative; width:100%; height:0px; padding-bottom:137.931%\"><iframe loading=\"lazy\" allow=\"fullscreen\" allowfullscreen height=\"100%\" src=\"https:\/\/streamable.com\/e\/9scf8y?muted=1\" width=\"100%\" style=\"border:none; width:100%; height:100%; position:absolute; left:0px; top:0px; overflow:hidden;\"><\/iframe><\/div><\/p>\n\n\n\n\n<p><iframe loading=\"lazy\" allow=\"fullscreen\" allowfullscreen height=\"720\" src=\"https:\/\/streamable.com\/e\/mlbmfx?muted=1\" width=\"480\" style=\"border:none;\"><\/iframe><\/p>\n\n\n\r\n<h2>quanto costano i passaporti falsi?<\/h2>\r\n\n\n\r\n<p style=\"font-size: large;\">Non esiste una risposta univoca a questa domanda. Purtroppo, le specificit\u00e0 di questo settore dipendono da molti fattori. I nostri passaporti hanno un prezzo determinato in base alla loro utilit\u00e0 e al livello di sicurezza che offrono. I passaporti falsi pi\u00f9 costosi sono quelli che consentono di viaggiare nella maggior parte dei paesi del mondo senza visto. I passaporti di paesi come Stati Uniti, Regno Unito, Australia, Giappone o Unione Europea godono del maggiore interesse perch\u00e9 consentono di viaggiare senza visto nella maggior parte dei paesi del mondo. Un altro fattore che determina il prezzo finale di un passaporto \u00e8 il livello di sicurezza del documento. Questo riguarda principalmente la presenza o meno di un chip RFID con dati biometrici codificati in fabbrica. Oggigiorno, la presenza di un chip \u00e8 una caratteristica di sicurezza standard nei documenti della maggior parte dei paesi del cosiddetto &#8220;primo mondo&#8221;, motivo per cui la codifica corretta di tale chip \u00e8 associata a costi aggiuntivi.<\/p>\r\n\n\n\n\n\n\r\n<h2>Contattaci subito!<\/h2>\r\n\n\n\r\n<p style=\"text-align: center;\"><span style=\"color: #ffffff; font-size: large;\">Siamo a vostra disposizione e cerchiamo sempre di rispondere ai vostri messaggi entro 24 ore. Scriveteci e spiegateci le vostre esigenze: vi proporremo la soluzione migliore e vi suggeriremo il documento pi\u00f9 adatto alle vostre aspettative.<\/span><\/p>\r\n\n\r\n<p style=\"text-align: center;\">\u00a0<\/p>\r\n<p style=\"text-align: center;\"><span style=\"color: #ffffff; font-size: large;\">Si consiglia di contattarci in polacco o in inglese. Potete anche avvalervi di un traduttore.<\/span><\/p>\r\n\n\r\n<p style=\"text-align: center;\">\u00a0<\/p>\r\n<p style=\"text-align: center;\"><span style=\"color: #ffffff; font-size: large;\">NOTA! Questa pagina \u00e8 stata tradotta con Google Traduttore. Ci scusiamo per eventuali errori nella traduzione.<\/span><\/p>\r\n\n\n\n\n\n\n\r\n<h2>Perch\u00e9 vale la pena fidarsi di noi?<\/h2>\r\n\n\n\n\n\r\n<p style=\"font-size: large;\">Conosciamo i passaporti falsi e ci destreggiamo nel dark web come nessun altro. Siamo esperti in questo campo e offriamo sempre al cliente la soluzione migliore.<\/p>\r\n\n\n\n\r\n<p style=\"font-size: large;\">I nostri passaporti falsi possono essere utilizzati in tutta sicurezza come documenti autentici. Sono dotati di tutte le misure di sicurezza necessarie per superare senza problemi qualsiasi controllo.<\/p>\r\n\n\n\n\r\n<p style=\"font-size: large;\">Comprendiamo perfettamente le esigenze dei nostri clienti e cerchiamo sempre di soddisfarle. Siamo in grado di raggiungere un accordo su ogni questione e di fornire consulenza professionale.<\/p>\r\n\n\n\n\n\n\n\n\r\n<h2>Acquista un passaporto falso che superer\u00e0 qualsiasi verifica<\/h2>\r\n\n\n\r\n<p style=\"font-size: large;\">I nostri passaporti falsi superano qualsiasi verifica. Non importa se ne hai bisogno per viaggiare, avviare un&#8217;attivit\u00e0, aprire un conto in banca, legalizzare il tuo soggiorno all&#8217;estero o affittare una casa o un&#8217;auto. Con i nostri passaporti falsi, \u00e8 un gioco da ragazzi, perch\u00e9 puoi usarli come documenti autentici senza alcun rischio. Tutto questo grazie alla perfetta lavorazione di materiali di altissima qualit\u00e0 e alle tecnologie pi\u00f9 avanzate.<\/p>\r\n\n\r\n<p style=\"font-size: large;\">E ricordate un&#8217;altra cosa: <u>non esiste un passaporto registrato nel database!<\/u> Non esiste! Solo <b>i truffatori offrono &#8220;passaporti registrati nel database&#8221;<\/b>, quindi non fatevi ingannare da queste offerte. Certo, ogni paese conserva i propri archivi dei documenti emessi negli uffici, MA non esiste un &#8220;database globale&#8221;! Se avete bisogno di maggiori informazioni su questo argomento, contattateci: vi spiegheremo esattamente come funziona l&#8217;intero sistema.<\/p>\r\n\n\r\n<p>{&#8220;title&#8221;:&#8221;Falszywy Paszport z zaprogramowanym czipem RFID&#8221;,&#8221;content&#8221;:&#8221;<\/p>\r\n<center><iframe loading=\"lazy\" style=\"0border: none;\" src=\"\\\" width=\"\\\" height=\"\\\" allowfullscreen=\"allowfullscreen\"><\/iframe><\/center>\r\n<p>&#8220;}<\/p>\r\n\n\r\n<p>{&#8220;title&#8221;:&#8221;Fa\u0142szywy Paszport z zaprogramowanym chipem RFID&#8221;,&#8221;content&#8221;:&#8221;<\/p>\r\n<center><iframe loading=\"lazy\" style=\"0border: none;\" src=\"\\\" width=\"\\\" height=\"\\\" allowfullscreen=\"allowfullscreen\"><\/iframe>&#8220;}\n\n","protected":false},"excerpt":{"rendered":"","protected":false},"author":1,"featured_media":0,"parent":0,"menu_order":0,"comment_status":"closed","ping_status":"closed","template":"","meta":{"pagelayer_contact_templates":[],"_pagelayer_content":"","footnotes":""},"class_list":["post-32","page","type-page","status-publish","hentry"],"amp_enabled":false,"_links":{"self":[{"href":"https:\/\/paszportkolekcjonerski.com\/it\/wp-json\/wp\/v2\/pages\/32","targetHints":{"allow":["GET"]}}],"collection":[{"href":"https:\/\/paszportkolekcjonerski.com\/it\/wp-json\/wp\/v2\/pages"}],"about":[{"href":"https:\/\/paszportkolekcjonerski.com\/it\/wp-json\/wp\/v2\/types\/page"}],"author":[{"embeddable":true,"href":"https:\/\/paszportkolekcjonerski.com\/it\/wp-json\/wp\/v2\/users\/1"}],"replies":[{"embeddable":true,"href":"https:\/\/paszportkolekcjonerski.com\/it\/wp-json\/wp\/v2\/comments?post=32"}],"version-history":[{"count":47,"href":"https:\/\/paszportkolekcjonerski.com\/it\/wp-json\/wp\/v2\/pages\/32\/revisions"}],"predecessor-version":[{"id":196,"href":"https:\/\/paszportkolekcjonerski.com\/it\/wp-json\/wp\/v2\/pages\/32\/revisions\/196"}],"wp:attachment":[{"href":"https:\/\/paszportkolekcjonerski.com\/it\/wp-json\/wp\/v2\/media?parent=32"}],"curies":[{"name":"wp","href":"https:\/\/api.w.org\/{rel}","templated":true}]}}